{"id":8070,"date":"2017-01-25T12:45:26","date_gmt":"2017-01-25T11:45:26","guid":{"rendered":"http:\/\/staging.europaskolan.se\/?page_id=8070"},"modified":"2023-09-26T14:25:31","modified_gmt":"2023-09-26T12:25:31","slug":"studie-och-yrkesvagledare-pa-europaskolan-strangnas","status":"publish","type":"page","link":"https:\/\/staging.europaskolan.se\/strangnas\/studie-och-yrkesvagledare-pa-europaskolan-strangnas\/","title":{"rendered":"Studie- och yrkesv\u00e4gledare p\u00e5\u00a0Europaskolan Str\u00e4ngn\u00e4s\u00a0"},"content":{"rendered":"<p><img fetchpriority=\"high\" decoding=\"async\" class=\"alignnone size-full wp-image-8071\" src=\"http:\/\/staging.europaskolan.se\/strangnas\/wp-content\/uploads\/2017\/01\/Europaskolan_SYV.jpg\" alt=\"\" width=\"940\" height=\"400\" \/><\/p>\n<p><em>Vad vill du g\u00f6ra efter gymnasiet? Vilka m\u00f6jligheter finns f\u00f6r just dig? Hur fungerar valet till universitet? Kom till v\u00e5r studie- och yrkesv\u00e4gledare. Hit \u00e4r du v\u00e4lkommen med dina fr\u00e5gor och funderingar \u2013 b\u00e5de om nuvarande studier, framtida val av yrke samt h\u00f6gskola och universitet.<\/em><\/p>\n<p><strong>Hos studie- och yrkesv\u00e4gledaren (syv) f\u00e5r du hj\u00e4lp med v\u00e4gledning, information och r\u00e5d.\u00a0<\/strong>Det beh\u00f6ver inte bara handla om studier eller yrken, utan \u00e4ven andra fr\u00e5gor som kan uppst\u00e5 under gymnasietiden. Syv kan till exempel hj\u00e4lpa dig med studieteknik eller st\u00f6tta vid planering av studier.<\/p>\n<p><strong>Vad skulle just du vilja g\u00f6ra i framtiden och hur kan v\u00e4gen dit se ut?\u00a0<\/strong>Kanske funderar du p\u00e5 universitetsstudier, hur arbetsmarknaden ser ut eller hur man blir utbytesstudent.<\/p>\n<p><strong>Kom och tala med syv.<\/strong>\u00a0Du beh\u00f6ver absolut inte ha best\u00e4mt dig f\u00f6r n\u00e5got. Studie- och yrkesv\u00e4gledaren lyssnar och ber\u00e4ttar om olika m\u00f6jligheter. Syv \u00e4r ditt bollplank \u2013 passa p\u00e5 att anv\u00e4nda det!<\/p>\n<p><strong>Europaskolan Str\u00e4ngn\u00e4s studie- och yrkesv\u00e4gledare\u00a0<\/strong>heter Nicklas Hellmark och har mottagning p\u00e5 entr\u00e9planet i skolans huvudbyggnad, Philosophicum.<\/p>\n<p><strong>Bes\u00f6kstid:\u00a0<\/strong>onsdag\u2013fredag<\/p>\n<p><strong>E-post:<\/strong>\u00a0<span style=\"color: #233587;\"><a style=\"color: #233587;\" href=\"mailto:nicklas.hellmark@europaskolan.se\">nicklas.hellmark@europaskolan.se<\/a><\/span><a href=\"mailto:niclas.hellmark@europaskolan.org\"><br \/>\n<\/a><strong>Telefon:<\/strong> 0152-33 11 05<\/p>\n<hr \/>\n<h3>L\u00e4nktips:<\/h3>\n<p><span style=\"color: #233587;\"><a style=\"color: #233587;\" href=\"https:\/\/www.arbetsformedlingen.se\/\">https:\/\/www.arbetsformedlingen.se<\/a><\/span><br \/>\nH\u00e4r hittar du information om yrken och arbetsmarknaden.<\/p>\n<p><span style=\"color: #233587;\"><a style=\"color: #233587;\" href=\"https:\/\/www.saco.se\/studieval\">https:\/\/www.saco.se\/studieval<\/a><\/span><br \/>\nH\u00e4r f\u00e5r du framf\u00f6r allt hj\u00e4lp med ditt val till h\u00f6gskola och universitet. Exempelvis f\u00f6rklaras metoden in\u00e5t-ut\u00e5t-fram\u00e5t.<\/p>\n<p><span style=\"color: #233587;\"><a style=\"color: #233587;\" href=\"https:\/\/www.framtid.se\/\">https:\/\/www.framtid.se<\/a><\/span><br \/>\nH\u00e4r hittar du information om yrken, utbildningar, att skriva cv, etc.<\/p>\n<p><span style=\"color: #233587;\"><a style=\"color: #233587;\" href=\"https:\/\/www.fragasyv.se\/\">https:\/\/www.fragasyv.se<\/a><\/span><br \/>\nOm du har fr\u00e5gor kring studierna kan du st\u00e4lla dem i detta forum. B\u00f6rja med att kolla i arkivet efter svar. Om du inte hittar svaret st\u00e4ller du fr\u00e5gan sj\u00e4lv. Det \u00e4r utbildade studie- och yrkesv\u00e4gledare som svarar.<\/p>\n<p><span style=\"color: #233587;\"><a style=\"color: #233587;\" href=\"http:\/\/allastudier.se\/utbildningar\/\">http:\/\/allastudier.se\/utbildningar<\/a><\/span><br \/>\nEn relativt helt\u00e4ckande sida n\u00e4r det g\u00e4ller utbildning i Sverige och utomlands, stipendier, yrken, etc.<\/p>\n<p><span style=\"color: #233587;\"><a style=\"color: #233587;\" href=\"https:\/\/www.yrkeshogskolan.se\/\">https:\/\/www.yrkeshogskolan.se<\/a><\/span><br \/>\nYH-utbildningar finns inom m\u00e5nga olika branscher och \u00f6ver hela landet. H\u00e4r kan du l\u00e4sa mer om vilka regler som g\u00e4ller och vilka m\u00f6jligheter som finns.<\/p>\n<p><span style=\"color: #233587;\"><a style=\"color: #233587;\" href=\"https:\/\/www.csn.se\/\">https:\/\/www.csn.se<\/a><\/span><br \/>\nInformation om studieekonomi.<\/p>\n<p><span style=\"color: #233587;\"><a style=\"color: #233587;\" href=\"https:\/\/www.studera.nu\/\">https:\/\/www.studera.nu<\/a><\/span><br \/>\nH\u00e4r kan du s\u00f6ka och j\u00e4mf\u00f6ra utbildningar, l\u00e4sa om hur h\u00f6gskoleprovet g\u00e5r till, hur livet som student \u00e4r, tips vid studier utomlands, och mycket annat.<\/p>\n<p><span style=\"color: #233587;\"><a style=\"color: #233587;\" href=\"https:\/\/www.antagning.se\/se\/start\">https:\/\/www.antagning.se\/se\/start<\/a><\/span><br \/>\nH\u00e4r g\u00f6r du din ans\u00f6kan till universitet och h\u00f6gskola.<\/p>\n<p><span style=\"color: #233587;\"><a style=\"color: #233587;\" href=\"https:\/\/www.studentum.se\/se\/studentum\/rakna-ut-betyg\/Gy-2011\">https:\/\/www.studentum.se\/se\/studentum\/rakna-ut-betyg\/Gy-2011<\/a><\/span><br \/>\nR\u00e4kna ut ditt j\u00e4mf\u00f6relsetal som du ska s\u00f6ka universitet och h\u00f6gskola med.<\/p>\n<p><span style=\"color: #233587;\"><a style=\"color: #233587;\" href=\"https:\/\/statistik.uhr.se\/\">https:\/\/statistik.uhr.se<\/a><\/span><br \/>\nH\u00e4r hittar du tidigare antagningspo\u00e4ng till alla kurser och program p\u00e5 universitet och h\u00f6gskola.<\/p>\n","protected":false},"excerpt":{"rendered":"<p>Vad vill du g\u00f6ra efter gymnasiet? Vilka m\u00f6jligheter finns f\u00f6r just dig? Hur fungerar valet till universitet? Kom till v\u00e5r studie- och yrkesv\u00e4gledare. Hit \u00e4r du v\u00e4lkommen med dina fr\u00e5gor och funderingar \u2013 b\u00e5de om nuvarande studier, framtida val av yrke samt h\u00f6gskola och universitet. Hos studie- och yrkesv\u00e4gledaren (syv) f\u00e5r du hj\u00e4lp med v\u00e4gledning, [&hellip;]<\/p>\n","protected":false},"author":2,"featured_media":0,"parent":0,"menu_order":0,"comment_status":"closed","ping_status":"closed","template":"","meta":{"footnotes":""},"blocksy_meta":[],"rttpg_featured_image_url":null,"rttpg_author":{"display_name":"camilla","author_link":"https:\/\/staging.europaskolan.se\/strangnas\/author\/camilla\/"},"rttpg_comment":0,"rttpg_category":null,"rttpg_excerpt":"Vad vill du g\u00f6ra efter gymnasiet? Vilka m\u00f6jligheter finns f\u00f6r just dig? Hur fungerar valet till universitet? Kom till v\u00e5r studie- och yrkesv\u00e4gledare. Hit \u00e4r du v\u00e4lkommen med dina fr\u00e5gor och funderingar \u2013 b\u00e5de om nuvarande studier, framtida val av yrke samt h\u00f6gskola och universitet. Hos studie- och yrkesv\u00e4gledaren (syv) f\u00e5r du hj\u00e4lp med v\u00e4gledning,&hellip;","_links":{"self":[{"href":"https:\/\/staging.europaskolan.se\/strangnas\/wp-json\/wp\/v2\/pages\/8070"}],"collection":[{"href":"https:\/\/staging.europaskolan.se\/strangnas\/wp-json\/wp\/v2\/pages"}],"about":[{"href":"https:\/\/staging.europaskolan.se\/strangnas\/wp-json\/wp\/v2\/types\/page"}],"author":[{"embeddable":true,"href":"https:\/\/staging.europaskolan.se\/strangnas\/wp-json\/wp\/v2\/users\/2"}],"replies":[{"embeddable":true,"href":"https:\/\/staging.europaskolan.se\/strangnas\/wp-json\/wp\/v2\/comments?post=8070"}],"version-history":[{"count":8,"href":"https:\/\/staging.europaskolan.se\/strangnas\/wp-json\/wp\/v2\/pages\/8070\/revisions"}],"predecessor-version":[{"id":13817,"href":"https:\/\/staging.europaskolan.se\/strangnas\/wp-json\/wp\/v2\/pages\/8070\/revisions\/13817"}],"wp:attachment":[{"href":"https:\/\/staging.europaskolan.se\/strangnas\/wp-json\/wp\/v2\/media?parent=8070"}],"curies":[{"name":"wp","href":"https:\/\/api.w.org\/{rel}","templated":true}]}}