{"id":6525,"date":"2015-11-11T12:00:58","date_gmt":"2015-11-11T11:00:58","guid":{"rendered":"http:\/\/staging.europaskolan.se\/?page_id=6525"},"modified":"2023-09-18T15:22:17","modified_gmt":"2023-09-18T13:22:17","slug":"spetsutbildning-modern-humanities","status":"publish","type":"page","link":"https:\/\/staging.europaskolan.se\/strangnas\/gymnasieprogram\/spetsutbildning-modern-humanities\/","title":{"rendered":"Spetsutbildning Modern Humanities"},"content":{"rendered":"<p><img fetchpriority=\"high\" decoding=\"async\" class=\"alignnone size-full wp-image-6527\" src=\"http:\/\/staging.europaskolan.se\/strangnas\/wp-content\/uploads\/2015\/11\/spetsutbildning_Modern-Humanities.jpg\" alt=\"spetsutbildning_Modern-Humanities\" width=\"960\" height=\"300\" \/><\/p>\n<h3>Modern Humanities \u2013 spetsutbildning i samh\u00e4llskunskap och historia<\/h3>\n<p><em>\u00c4r du s\u00e4rskilt intresserad av samh\u00e4llskunskap och historia?\u00a0<\/em><em>Vill tr\u00e4ffa intressanta g\u00e4stf\u00f6rel\u00e4sare och g\u00f6ra sp\u00e4nnande studiebes\u00f6k, bland annat utomlands?<\/em><em>\u00a0P\u00e5 spetsutbildningen Modern Humanities f\u00e5r du f\u00f6rdjupad kunskap om omv\u00e4rlden, med specialkurser som bara finns p\u00e5 Europaskolan Str\u00e4ngn\u00e4s.<\/em><\/p>\n<p><strong>Modern Humanities \u00e4r ett unikt program f\u00f6r dig som \u00e4r samh\u00e4lls\u00adintresserad<\/strong>. I grunden l\u00e4ser du samma kurser som p\u00e5 samh\u00e4llsprogrammet men vissa saker \u00e4r annorlunda.<\/p>\n<p><strong>Det \u00e4r en spetsutbildning med f\u00f6rdjupning<\/strong>, d\u00e4r du ocks\u00e5 f\u00e5r l\u00e4sa specialkurser som bara finns p\u00e5 Europaskolan Str\u00e4ngn\u00e4s. (L\u00e4s mer om kurserna nedan.)<\/p>\n<p><strong>H\u00e4r f\u00e5r du mer ing\u00e5ende s\u00e4tta dig in i fr\u00e5gor som \u00e4r centrala f\u00f6r v\u00e5rt samh\u00e4lle och v\u00e5r tid.\u00a0<\/strong>Det handlar om demokrati, m\u00e4nskliga r\u00e4ttigheter och relationen mellan olika l\u00e4nder.<\/p>\n<p><strong>Programmet handlar ocks\u00e5 om v\u00e5ra samh\u00e4llens historia, om id\u00e9er, kultur och retorik<\/strong>\u00a0som har format dagens v\u00e4rld. Hur kan man till exempel p\u00e5verka samh\u00e4llen p\u00e5 olika s\u00e4tt, genom debatter och att h\u00e5lla tal? Just det f\u00e5r du m\u00f6jlighet att l\u00e4ra dig inom \u00e4mnet retorik.<\/p>\n<p><strong>Vi lyfter \u00e4ven fram Europa och det europeiska arvets betydelse,\u00a0<\/strong>d\u00e5 v\u00e5r skola har s\u00e4rskild inriktning p\u00e5 Europa.<\/p>\n<p><strong>Vill du n\u00e5 \u00e4nnu l\u00e4ngre? D\u00e5 finns m\u00f6jligheten att l\u00e4sa tv\u00e5 universitetskurser,\u00a0<\/strong>som h\u00e5lls p\u00e5 skolan av l\u00e4rare fr\u00e5n Uppsala universitet. De h\u00e4r kurserna \u00e4r \u00e4ven synkade med gymnasiekurserna. Det betyder att du f\u00e5r \u201ddubbelt betalt\u201d f\u00f6r det arbete du l\u00e4gger ner: F\u00f6rutom att du l\u00e4r dig mycket mer, kan du n\u00e4mligen anv\u00e4nda kunskaperna i gymnasiekurserna.<\/p>\n<p><strong>Under utbildningen f\u00e5r du ocks\u00e5 resa till platser d\u00e4r d\u00e5tid och nutid sm\u00e4lter samman,<\/strong>\u00a0tillsammans med dina klasskamrater. D\u00e5 studerar vi och upplever bes\u00f6ksm\u00e5l som format v\u00e5r historia och p\u00e5verkar v\u00e4rlden i dag. Vi har varit i London f\u00f6r att studera europeisk historia och kultur med bes\u00f6k p\u00e5 bland annat British museum, National art gallery, The Sheakspeare\u2019s Globe och den svenska ambassaden och handelskammaren. Tidigare \u00e5r har vi ocks\u00e5 varit i New York f\u00f6r att exempelvis bes\u00f6ka FN:s h\u00f6gkvarter, den svenska FN-representationen, Ellis Island samt Metropolitan Museum of Art. I samband med detta har vi bes\u00f6kt v\u00e4rldens politiska maktcentrum Washington DC med fokus p\u00e5 viktiga platser kring The National Mall.<\/p>\n<h3>F\u00f6rdjupningskurser<\/h3>\n<p><strong>Demokrati och m\u00e4nskliga r\u00e4ttigheter: <\/strong>Hur har demokratin v\u00e4xt fram och hur ser utvecklingen i v\u00e4rlden ut i dag? H\u00e4r f\u00e5r du f\u00f6rdjupa dig i begreppen demokrati och m\u00e4nskliga r\u00e4ttigheter ur olika aspekter.<\/p>\n<p>Du f\u00e5r ocks\u00e5 l\u00e4ra dig om demokratiska problem och utmaningar, medborgarnas politiska attityder och m\u00f6jligheter att uttrycka dessa.<\/p>\n<p>Kursen handlar \u00e4ven om de m\u00e4nskliga r\u00e4ttigheterna: Hur har de uppkommit och hur ser deras historia ut fram till i dag? L\u00e4r dig mer om vilka olika typer av r\u00e4ttigheter det finns och hur utmaningarna ser ut, b\u00e5de i dag och i framtiden.<\/p>\n<p><strong>Konflikt och samarbete:<\/strong> H\u00e4r f\u00e5r du f\u00f6rdjupade kunskaper om och f\u00f6rm\u00e5ga att analysera relationer mellan l\u00e4nder. Fokus kommer att ligga p\u00e5 1900-talet och det som skett hittills p\u00e5 2000-talet: tidens stora konflikter och freder, andra avtal som avslutat konflikter och vilka effekter dessa har f\u00e5tt. Dessutom kommer kursen att ta upp v\u00e5r tids internationella samarbetsorganisationer, som till exempel FN.<\/p>\n<p><strong>Europakunskap<\/strong>: Kursen fokuserar p\u00e5 Europas historia, samtid och framtid. Fokus kommer att ligga p\u00e5 senare tid, det vill s\u00e4ga fr\u00e5n 1700-talet och fram\u00e5t. H\u00e4r tar vi upp s\u00e5dant som Europas historia och nuvarande l\u00e4ge, och du kan sedan f\u00f6rdjupa dig i valda arbetsomr\u00e5den kopplade till Europa. Fokus ligger ocks\u00e5 p\u00e5 det europeiska gemensamma arvet, till exempel id\u00e9m\u00e4ssigt, kulturellt, politiskt, socialt och religi\u00f6st. Dessutom handlar kursen om den europeiska unionen, dess f\u00f6delse och uppbyggnad samt dagens och framtidens utmaningar.<\/p>\n<p><strong>Retorik<\/strong> <strong>samt<\/strong>\u00a0<strong>Kultur- och id\u00e9historia<\/strong>: I retorik l\u00e4r du dig mycket om hur man \u00f6vertygar andra. Samtidigt g\u00e5r vi igenom hur andra i historien och i dag g\u00f6r f\u00f6r att \u00f6vertyga om sina \u00e5sikter. Kursen Kultur- och id\u00e9historia handlar dels om hur kulturen har utvecklats genom tiderna, dels om hur olika id\u00e9er har p\u00e5verkat samh\u00e4llet genom historiens g\u00e5ng och hur dessa b\u00e5da har samspelat med varandra.<\/p>\n<h3>Vad kan du bli?<\/h3>\n<p>Efter spetsutbildningen Modern Humanities kan du bland annat vidareutbilda dig f\u00f6r att arbeta som\/med detta:<\/p>\n<ul>\n<li>Omv\u00e4rldsanalytiker<\/li>\n<li>Journalist<\/li>\n<li>Jurist<\/li>\n<li>Samh\u00e4llsvetare<\/li>\n<li>\u00c4mnesl\u00e4rare<\/li>\n<li>Politiker\/politisk sekreterare<\/li>\n<li>Forskare<\/li>\n<li>Statsvetare<\/li>\n<li>Kommunikat\u00f6r<\/li>\n<li>Arbete med m\u00e4nskliga r\u00e4ttigheter<\/li>\n<li>Bist\u00e5ndsarbetare<\/li>\n<li>Arbete inom olika internationella organisationer<\/li>\n<\/ul>\n<p><strong>H\u00e4r kan du ladda ner po\u00e4ngplanen f\u00f6r Modern Humanities som pdf.<\/strong><\/p>\n<p><strong>Po\u00e4ngplan<\/strong>: <a href=\"http:\/\/staging.europaskolan.se\/strangnas\/wp-content\/uploads\/sites\/2\/2020\/04\/Poangplan-Modern-Humanities.pdf\">Spetsutbildningen Modern Humanities &gt;<\/a><\/p>\n<p><strong>Vill du veta mer om spetsutbildningar i Sverige?<br \/>\n<\/strong>L\u00e4s h\u00e4r:\u00a0<a href=\"http:\/\/www.spetsutbildningar.se\/\" target=\"_blank\" rel=\"noopener noreferrer\">www.spetsutbildningar.se<\/a><\/p>\n","protected":false},"excerpt":{"rendered":"<p>Modern Humanities \u2013 spetsutbildning i samh\u00e4llskunskap och historia \u00c4r du s\u00e4rskilt intresserad av samh\u00e4llskunskap och historia?\u00a0Vill tr\u00e4ffa intressanta g\u00e4stf\u00f6rel\u00e4sare och g\u00f6ra sp\u00e4nnande studiebes\u00f6k, bland annat utomlands?\u00a0P\u00e5 spetsutbildningen Modern Humanities f\u00e5r du f\u00f6rdjupad kunskap om omv\u00e4rlden, med specialkurser som bara finns p\u00e5 Europaskolan Str\u00e4ngn\u00e4s. Modern Humanities \u00e4r ett unikt program f\u00f6r dig som \u00e4r samh\u00e4lls\u00adintresserad. I [&hellip;]<\/p>\n","protected":false},"author":2,"featured_media":6527,"parent":153,"menu_order":0,"comment_status":"closed","ping_status":"closed","template":"","meta":{"footnotes":""},"blocksy_meta":[],"rttpg_featured_image_url":{"full":["https:\/\/staging.europaskolan.se\/strangnas\/wp-content\/uploads\/sites\/2\/2015\/11\/spetsutbildning_Modern-Humanities-1.jpg",960,300,false],"landscape":["https:\/\/staging.europaskolan.se\/strangnas\/wp-content\/uploads\/sites\/2\/2015\/11\/spetsutbildning_Modern-Humanities-1.jpg",960,300,false],"portraits":["https:\/\/staging.europaskolan.se\/strangnas\/wp-content\/uploads\/sites\/2\/2015\/11\/spetsutbildning_Modern-Humanities-1.jpg",960,300,false],"thumbnail":["https:\/\/staging.europaskolan.se\/strangnas\/wp-content\/uploads\/sites\/2\/2015\/11\/spetsutbildning_Modern-Humanities-1-150x150.jpg",150,150,true],"medium":["https:\/\/staging.europaskolan.se\/strangnas\/wp-content\/uploads\/sites\/2\/2015\/11\/spetsutbildning_Modern-Humanities-1-300x94.jpg",300,94,true],"large":["https:\/\/staging.europaskolan.se\/strangnas\/wp-content\/uploads\/sites\/2\/2015\/11\/spetsutbildning_Modern-Humanities-1.jpg",960,300,false],"1536x1536":["https:\/\/staging.europaskolan.se\/strangnas\/wp-content\/uploads\/sites\/2\/2015\/11\/spetsutbildning_Modern-Humanities-1.jpg",960,300,false],"2048x2048":["https:\/\/staging.europaskolan.se\/strangnas\/wp-content\/uploads\/sites\/2\/2015\/11\/spetsutbildning_Modern-Humanities-1.jpg",960,300,false],"sow-carousel-default":["https:\/\/staging.europaskolan.se\/strangnas\/wp-content\/uploads\/sites\/2\/2015\/11\/spetsutbildning_Modern-Humanities-1.jpg",272,85,false]},"rttpg_author":{"display_name":"camilla","author_link":"https:\/\/staging.europaskolan.se\/strangnas\/author\/camilla\/"},"rttpg_comment":0,"rttpg_category":null,"rttpg_excerpt":"Modern Humanities \u2013 spetsutbildning i samh\u00e4llskunskap och historia \u00c4r du s\u00e4rskilt intresserad av samh\u00e4llskunskap och historia?\u00a0Vill tr\u00e4ffa intressanta g\u00e4stf\u00f6rel\u00e4sare och g\u00f6ra sp\u00e4nnande studiebes\u00f6k, bland annat utomlands?\u00a0P\u00e5 spetsutbildningen Modern Humanities f\u00e5r du f\u00f6rdjupad kunskap om omv\u00e4rlden, med specialkurser som bara finns p\u00e5 Europaskolan Str\u00e4ngn\u00e4s. Modern Humanities \u00e4r ett unikt program f\u00f6r dig som \u00e4r samh\u00e4lls\u00adintresserad. I&hellip;","_links":{"self":[{"href":"https:\/\/staging.europaskolan.se\/strangnas\/wp-json\/wp\/v2\/pages\/6525"}],"collection":[{"href":"https:\/\/staging.europaskolan.se\/strangnas\/wp-json\/wp\/v2\/pages"}],"about":[{"href":"https:\/\/staging.europaskolan.se\/strangnas\/wp-json\/wp\/v2\/types\/page"}],"author":[{"embeddable":true,"href":"https:\/\/staging.europaskolan.se\/strangnas\/wp-json\/wp\/v2\/users\/2"}],"replies":[{"embeddable":true,"href":"https:\/\/staging.europaskolan.se\/strangnas\/wp-json\/wp\/v2\/comments?post=6525"}],"version-history":[{"count":11,"href":"https:\/\/staging.europaskolan.se\/strangnas\/wp-json\/wp\/v2\/pages\/6525\/revisions"}],"predecessor-version":[{"id":13974,"href":"https:\/\/staging.europaskolan.se\/strangnas\/wp-json\/wp\/v2\/pages\/6525\/revisions\/13974"}],"up":[{"embeddable":true,"href":"https:\/\/staging.europaskolan.se\/strangnas\/wp-json\/wp\/v2\/pages\/153"}],"wp:featuredmedia":[{"embeddable":true,"href":"https:\/\/staging.europaskolan.se\/strangnas\/wp-json\/wp\/v2\/media\/6527"}],"wp:attachment":[{"href":"https:\/\/staging.europaskolan.se\/strangnas\/wp-json\/wp\/v2\/media?parent=6525"}],"curies":[{"name":"wp","href":"https:\/\/api.w.org\/{rel}","templated":true}]}}