{"id":5097,"date":"2014-05-27T21:31:35","date_gmt":"2014-05-27T19:31:35","guid":{"rendered":"http:\/\/staging.europaskolan.se\/?page_id=5097"},"modified":"2018-10-22T11:14:19","modified_gmt":"2018-10-22T09:14:19","slug":"stadscampus-2","status":"publish","type":"page","link":"https:\/\/staging.europaskolan.se\/strangnas\/stadscampus-2\/","title":{"rendered":"Hitta till Europaskolan Str\u00e4ngn\u00e4s"},"content":{"rendered":"<p><em>Europaskolan Str\u00e4ngn\u00e4s ligger i centrala Str\u00e4ngn\u00e4s, alldeles vid M\u00e4laren. H\u00e4r har varje gymnasieprogram sin egen byggnad, precis som p\u00e5 ett universitet. Vi kallar det stadscampus,\u00a0eftersom omr\u00e5det \u00e4r en integrerad del av staden. V\u00e4lkommen till den historiska l\u00e4rostaden Str\u00e4ngn\u00e4s.<\/em><\/p>\n<p><strong>P\u00e5 friskolan Europaskolan Str\u00e4ngn\u00e4s<\/strong>\u00a0studerar du bara ett stenkast fr\u00e5n domkyrkan och\u00a0Roggeborgen \u2013 d\u00e4r ett gymnasium startade f\u00f6r 400 \u00e5r sedan.<\/p>\n<p><strong>Nedan ser du en karta \u00f6ver v\u00e5rt stadscampus,<\/strong>\u00a0och bilder p\u00e5 de olika byggnaderna.\u00a0Det \u00e4r l\u00e4tt att hitta p\u00e5 skolan \u2013 att g\u00e5 mellan husen tar bara n\u00e5gra minuter.<\/p>\n<p><img fetchpriority=\"high\" decoding=\"async\" src=\"http:\/\/staging.europaskolan.se\/strangnas\/wp-content\/uploads\/Karta-Stadscampus.jpg\" alt=\"Karta-Stadscampus\" width=\"478\" height=\"440\" \/><\/p>\n<p>1. Philosophicum\u00a02. Technicum\u00a03. Economicum\u00a04. Artes\u00a05. Dj\u00e4kneg\u00e5rden\u00a06. Mediateket<br \/>\n7. \u00c5ngb\u00e5tsbron\u00a08.\u00a0Skolans matsal \u2013 J\u00e4rnhandeln.<\/p>\n<p><a href=\"http:\/\/staging.europaskolan.se\/strangnas\/europaskolan-strangnas\/hitta-pa-skolan\/\">L\u00e4s mer om stadscampus h\u00e4r &gt;<\/a><\/p>\n","protected":false},"excerpt":{"rendered":"<p>Europaskolan Str\u00e4ngn\u00e4s ligger i centrala Str\u00e4ngn\u00e4s, alldeles vid M\u00e4laren. H\u00e4r har varje gymnasieprogram sin egen byggnad, precis som p\u00e5 ett universitet. Vi kallar det stadscampus,\u00a0eftersom omr\u00e5det \u00e4r en integrerad del av staden. V\u00e4lkommen till den historiska l\u00e4rostaden Str\u00e4ngn\u00e4s. P\u00e5 friskolan Europaskolan Str\u00e4ngn\u00e4s\u00a0studerar du bara ett stenkast fr\u00e5n domkyrkan och\u00a0Roggeborgen \u2013 d\u00e4r ett gymnasium startade f\u00f6r [&hellip;]<\/p>\n","protected":false},"author":2,"featured_media":0,"parent":0,"menu_order":2,"comment_status":"closed","ping_status":"closed","template":"","meta":{"footnotes":""},"blocksy_meta":[],"rttpg_featured_image_url":null,"rttpg_author":{"display_name":"camilla","author_link":"https:\/\/staging.europaskolan.se\/strangnas\/author\/camilla\/"},"rttpg_comment":0,"rttpg_category":null,"rttpg_excerpt":"Europaskolan Str\u00e4ngn\u00e4s ligger i centrala Str\u00e4ngn\u00e4s, alldeles vid M\u00e4laren. H\u00e4r har varje gymnasieprogram sin egen byggnad, precis som p\u00e5 ett universitet. Vi kallar det stadscampus,\u00a0eftersom omr\u00e5det \u00e4r en integrerad del av staden. V\u00e4lkommen till den historiska l\u00e4rostaden Str\u00e4ngn\u00e4s. P\u00e5 friskolan Europaskolan Str\u00e4ngn\u00e4s\u00a0studerar du bara ett stenkast fr\u00e5n domkyrkan och\u00a0Roggeborgen \u2013 d\u00e4r ett gymnasium startade f\u00f6r&hellip;","_links":{"self":[{"href":"https:\/\/staging.europaskolan.se\/strangnas\/wp-json\/wp\/v2\/pages\/5097"}],"collection":[{"href":"https:\/\/staging.europaskolan.se\/strangnas\/wp-json\/wp\/v2\/pages"}],"about":[{"href":"https:\/\/staging.europaskolan.se\/strangnas\/wp-json\/wp\/v2\/types\/page"}],"author":[{"embeddable":true,"href":"https:\/\/staging.europaskolan.se\/strangnas\/wp-json\/wp\/v2\/users\/2"}],"replies":[{"embeddable":true,"href":"https:\/\/staging.europaskolan.se\/strangnas\/wp-json\/wp\/v2\/comments?post=5097"}],"version-history":[{"count":2,"href":"https:\/\/staging.europaskolan.se\/strangnas\/wp-json\/wp\/v2\/pages\/5097\/revisions"}],"predecessor-version":[{"id":9825,"href":"https:\/\/staging.europaskolan.se\/strangnas\/wp-json\/wp\/v2\/pages\/5097\/revisions\/9825"}],"wp:attachment":[{"href":"https:\/\/staging.europaskolan.se\/strangnas\/wp-json\/wp\/v2\/media?parent=5097"}],"curies":[{"name":"wp","href":"https:\/\/api.w.org\/{rel}","templated":true}]}}