{"id":3296,"date":"2013-09-05T12:19:37","date_gmt":"2013-09-05T10:19:37","guid":{"rendered":"http:\/\/staging.europaskolan.se\/wordpress\/?page_id=3296"},"modified":"2023-12-01T14:31:53","modified_gmt":"2023-12-01T13:31:53","slug":"europaskolan-strangnas-styrelse","status":"publish","type":"page","link":"https:\/\/staging.europaskolan.se\/strangnas\/europaskolan-strangnas-styrelse\/","title":{"rendered":"Europaskolan Str\u00e4ngn\u00e4s styrelse"},"content":{"rendered":"<h3>Styrelseordf\u00f6rande:<\/h3>\n<p>Peter Jedar<br \/>\n<em>Str\u00e4ngn\u00e4s<\/em><\/p>\n<h3>Vice ordf\u00f6rande:<strong><br \/>\n<\/strong><\/h3>\n<p>Anders Vikdahl<br \/>\n<em>Str\u00e4ngn\u00e4s<\/em><\/p>\n<hr \/>\n<h3>Ledam\u00f6ter:<\/h3>\n<p>Tor Ahlmark<br \/>\n<em>Str\u00e4ngn\u00e4s<\/em><\/p>\n<p>Anders Hallstr\u00f6m<br \/>\n<em>Str\u00e4ngn\u00e4s<\/em><\/p>\n<p>Karin Nilsson<br \/>\n<em>Str\u00e4ngn\u00e4s<\/em><\/p>\n<p>Ann Vikstr\u00f6m<br \/>\n<em>Str\u00e4ngn\u00e4s<\/em><\/p>\n<p>Robert Berg (personalrepresentant)<br \/>\n<em>Str\u00e4ngn\u00e4s<\/em><\/p>\n","protected":false},"excerpt":{"rendered":"<p>Styrelseordf\u00f6rande: Peter Jedar Str\u00e4ngn\u00e4s Vice ordf\u00f6rande: Anders Vikdahl Str\u00e4ngn\u00e4s Ledam\u00f6ter: Tor Ahlmark Str\u00e4ngn\u00e4s Anders Hallstr\u00f6m Str\u00e4ngn\u00e4s Karin Nilsson Str\u00e4ngn\u00e4s Ann Vikstr\u00f6m Str\u00e4ngn\u00e4s Robert Berg (personalrepresentant) Str\u00e4ngn\u00e4s<\/p>\n","protected":false},"author":2,"featured_media":0,"parent":0,"menu_order":2,"comment_status":"closed","ping_status":"closed","template":"","meta":{"footnotes":""},"blocksy_meta":[],"rttpg_featured_image_url":null,"rttpg_author":{"display_name":"camilla","author_link":"https:\/\/staging.europaskolan.se\/strangnas\/author\/camilla\/"},"rttpg_comment":0,"rttpg_category":null,"rttpg_excerpt":"Styrelseordf\u00f6rande: Peter Jedar Str\u00e4ngn\u00e4s Vice ordf\u00f6rande: Anders Vikdahl Str\u00e4ngn\u00e4s Ledam\u00f6ter: Tor Ahlmark Str\u00e4ngn\u00e4s Anders Hallstr\u00f6m Str\u00e4ngn\u00e4s Karin Nilsson Str\u00e4ngn\u00e4s Ann Vikstr\u00f6m Str\u00e4ngn\u00e4s Robert Berg (personalrepresentant) Str\u00e4ngn\u00e4s","_links":{"self":[{"href":"https:\/\/staging.europaskolan.se\/strangnas\/wp-json\/wp\/v2\/pages\/3296"}],"collection":[{"href":"https:\/\/staging.europaskolan.se\/strangnas\/wp-json\/wp\/v2\/pages"}],"about":[{"href":"https:\/\/staging.europaskolan.se\/strangnas\/wp-json\/wp\/v2\/types\/page"}],"author":[{"embeddable":true,"href":"https:\/\/staging.europaskolan.se\/strangnas\/wp-json\/wp\/v2\/users\/2"}],"replies":[{"embeddable":true,"href":"https:\/\/staging.europaskolan.se\/strangnas\/wp-json\/wp\/v2\/comments?post=3296"}],"version-history":[{"count":12,"href":"https:\/\/staging.europaskolan.se\/strangnas\/wp-json\/wp\/v2\/pages\/3296\/revisions"}],"predecessor-version":[{"id":14593,"href":"https:\/\/staging.europaskolan.se\/strangnas\/wp-json\/wp\/v2\/pages\/3296\/revisions\/14593"}],"wp:attachment":[{"href":"https:\/\/staging.europaskolan.se\/strangnas\/wp-json\/wp\/v2\/media?parent=3296"}],"curies":[{"name":"wp","href":"https:\/\/api.w.org\/{rel}","templated":true}]}}