{"id":164,"date":"2013-02-18T18:08:43","date_gmt":"2013-02-18T17:08:43","guid":{"rendered":"http:\/\/staging.europaskolan.se\/wordpress\/?page_id=164"},"modified":"2023-10-19T15:25:57","modified_gmt":"2023-10-19T13:25:57","slug":"besok-europaskolan-strangnas","status":"publish","type":"page","link":"https:\/\/staging.europaskolan.se\/strangnas\/besok-europaskolan-strangnas\/","title":{"rendered":"V\u00e4lkommen att bes\u00f6ka Europaskolan Str\u00e4ngn\u00e4s"},"content":{"rendered":"<p><img fetchpriority=\"high\" decoding=\"async\" class=\"alignnone size-full wp-image-1575\" src=\"http:\/\/staging.europaskolan.se\/strangnas\/wp-content\/uploads\/besokaeuropaskolan.jpg\" alt=\"\" width=\"680\" height=\"298\" \/><\/p>\n<p><em>Nyfiken p\u00e5 Europaskolan Str\u00e4ngn\u00e4s? Du \u00e4r alltid v\u00e4lkommen att bes\u00f6ka oss f\u00f6r att tr\u00e4ffa v\u00e5ra l\u00e4rare och elever, se hur lektionerna g\u00e5r till och f\u00e5 svar p\u00e5 dina fr\u00e5gor. Det \u00e4r bara att kontakta oss f\u00f6r att boka en dag som passar. Varje h\u00f6st ordnar vi ocks\u00e5 \u00f6ppet hus med information och rundvandring p\u00e5 skolan. <\/em><\/p>\n<h3>Bes\u00f6k oss under en vanlig skoldag<\/h3>\n<p><strong>Du \u00e4r varmt v\u00e4lkommen att bes\u00f6ka Europaskolan Str\u00e4ngn\u00e4s en vanlig skoldag, <\/strong>n\u00e4r som helst under l\u00e4s\u00e5ret. D\u00e5 blir du m\u00f6tt av en fadder, som l\u00e5ter dig f\u00f6lja en klass under dagen.<\/p>\n<p><strong>Detta \u00e4r ett perfekt tillf\u00e4lle att k\u00e4nna av st\u00e4mningen p\u00e5 skolan,<\/strong> samtidigt som du tr\u00e4ffar b\u00e5de l\u00e4rare och elever. Du f\u00e5r ocks\u00e5 bekanta dig med skolans omr\u00e5de \u2013 v\u00e5rt stadscampus \u2013 som ligger vid M\u00e4laren i Str\u00e4ngn\u00e4s historiska stadsk\u00e4rna.&#8217;<\/p>\n<h3>\u00d6ppet hus varje h\u00f6st<\/h3>\n<p><strong>Varje h\u00f6st ordnar vi \u00f6ppet hus<\/strong> <strong>inf\u00f6r gymnasievalet.<\/strong> D\u00e5 bjuder vi f\u00f6rst in till information i skolans aula, Dj\u00e4knehallen, d\u00e4r v\u00e5ra rektorer ber\u00e4ttar om verksamheten. Sedan f\u00e5r du titta runt i skolans olika byggnader p\u00e5 v\u00e5rt stadscampus. P\u00e5 plats finns b\u00e5de l\u00e4rare och elever som redan g\u00e5r p\u00e5 skolan. Passa p\u00e5 att st\u00e4lla fr\u00e5gor!<\/p>\n<p><strong>N\u00e4sta \u00f6ppet hus <\/strong><strong>\u00e4ger rum l<\/strong><strong>\u00f6rdagen den 11 november. <\/strong>D\u00e5 du f\u00e5r veta mer om skolans program och profilomr\u00e5den. Varf\u00f6r vi g\u00f6r bildningsresor i Europa och till vilka l\u00e4nder. Vad de olika elevf\u00f6reningarna och k\u00e5rverksamheten har att erbjuda och mycket mer. V\u00e4lkommen!<\/p>\n<p><em>Har du fr\u00e5gor eller funderingar?\u00a0<\/em><em>V\u00e4lkommen att h\u00f6ra av dig!<\/em><\/p>\n<p><strong>Nicklas Hellmark<br \/>\n<\/strong>Studie- och yrkesv\u00e4gledare<\/p>\n<p><strong>E-post:<\/strong>\u00a0<a href=\"mailto:nicklas.hellmark@europaskolan.se\">nicklas.hellmark@europaskolan.se<\/a><a href=\"mailto:niclas.hellmark@europaskolan.org\"><br \/>\n<\/a><strong>Telefon:<\/strong> 0152-33 11 05<\/p>\n","protected":false},"excerpt":{"rendered":"<p>Nyfiken p\u00e5 Europaskolan Str\u00e4ngn\u00e4s? Du \u00e4r alltid v\u00e4lkommen att bes\u00f6ka oss f\u00f6r att tr\u00e4ffa v\u00e5ra l\u00e4rare och elever, se hur lektionerna g\u00e5r till och f\u00e5 svar p\u00e5 dina fr\u00e5gor. Det \u00e4r bara att kontakta oss f\u00f6r att boka en dag som passar. Varje h\u00f6st ordnar vi ocks\u00e5 \u00f6ppet hus med information och rundvandring p\u00e5 skolan. [&hellip;]<\/p>\n","protected":false},"author":2,"featured_media":0,"parent":0,"menu_order":4,"comment_status":"closed","ping_status":"closed","template":"","meta":{"footnotes":""},"blocksy_meta":[],"rttpg_featured_image_url":null,"rttpg_author":{"display_name":"camilla","author_link":"https:\/\/staging.europaskolan.se\/strangnas\/author\/camilla\/"},"rttpg_comment":0,"rttpg_category":null,"rttpg_excerpt":"Nyfiken p\u00e5 Europaskolan Str\u00e4ngn\u00e4s? Du \u00e4r alltid v\u00e4lkommen att bes\u00f6ka oss f\u00f6r att tr\u00e4ffa v\u00e5ra l\u00e4rare och elever, se hur lektionerna g\u00e5r till och f\u00e5 svar p\u00e5 dina fr\u00e5gor. Det \u00e4r bara att kontakta oss f\u00f6r att boka en dag som passar. Varje h\u00f6st ordnar vi ocks\u00e5 \u00f6ppet hus med information och rundvandring p\u00e5 skolan.&hellip;","_links":{"self":[{"href":"https:\/\/staging.europaskolan.se\/strangnas\/wp-json\/wp\/v2\/pages\/164"}],"collection":[{"href":"https:\/\/staging.europaskolan.se\/strangnas\/wp-json\/wp\/v2\/pages"}],"about":[{"href":"https:\/\/staging.europaskolan.se\/strangnas\/wp-json\/wp\/v2\/types\/page"}],"author":[{"embeddable":true,"href":"https:\/\/staging.europaskolan.se\/strangnas\/wp-json\/wp\/v2\/users\/2"}],"replies":[{"embeddable":true,"href":"https:\/\/staging.europaskolan.se\/strangnas\/wp-json\/wp\/v2\/comments?post=164"}],"version-history":[{"count":27,"href":"https:\/\/staging.europaskolan.se\/strangnas\/wp-json\/wp\/v2\/pages\/164\/revisions"}],"predecessor-version":[{"id":14505,"href":"https:\/\/staging.europaskolan.se\/strangnas\/wp-json\/wp\/v2\/pages\/164\/revisions\/14505"}],"wp:attachment":[{"href":"https:\/\/staging.europaskolan.se\/strangnas\/wp-json\/wp\/v2\/media?parent=164"}],"curies":[{"name":"wp","href":"https:\/\/api.w.org\/{rel}","templated":true}]}}