{"id":162,"date":"2013-02-18T18:05:51","date_gmt":"2013-02-18T17:05:51","guid":{"rendered":"http:\/\/staging.europaskolan.se\/wordpress\/?page_id=162"},"modified":"2023-09-25T09:08:45","modified_gmt":"2023-09-25T07:08:45","slug":"kemi-och-fysikprogrammet","status":"publish","type":"page","link":"https:\/\/staging.europaskolan.se\/strangnas\/gymnasieprogram\/kemi-och-fysikprogrammet\/","title":{"rendered":"Kemi- och fysikprogrammet"},"content":{"rendered":"<p><img fetchpriority=\"high\" decoding=\"async\" class=\"alignnone size-full wp-image-1337\" src=\"http:\/\/staging.europaskolan.se\/strangnas\/wp-content\/uploads\/sites\/2\/2013\/04\/kemi_fysikpprogrammet.jpg\" alt=\"\" width=\"960\" height=\"300\" \/><\/p>\n<h3>Kemi- och fysikprogrammet (NA)<\/h3>\n<p><em>Vill du ha en framtid som v\u00e4lutbildad naturvetare? Kanske bli forskare? Kemi- och fysikprogrammet \u00e4r v\u00e5rt naturvetarprogram, med kurser i fysik, kemi och matematik.<\/em><\/p>\n<p><strong>Kemi- och fysikprogrammet har utvecklats i samarbete med b\u00e5de n\u00e4ringslivet<\/strong> och Kungliga Tekniska H\u00f6gskolan (KTH). Det har ocks\u00e5 p\u00e5verkats av att Str\u00e4ngn\u00e4s varit centrum f\u00f6r tillverkning av l\u00e4kemedel och biotekniska produkter.<\/p>\n<p><strong>Programmet kan bli ditt f\u00f6rsta steg mot en sp\u00e4nnande framtid som naturvetare.<\/strong> Det \u00e4r bredare \u00e4n Scienceprogrammet men med r\u00e4tt ambition kan ocks\u00e5 Kemi- och fysikprogrammet leda fram till en karri\u00e4r som forskare.<\/p>\n<p><strong>P\u00e5 Kemi- och fysikprogrammet kan du l\u00e4sa <strong>bioteknik och naturvetenskapliga specialiseringskurser inom fysik och kemi.\u00a0<\/strong><\/strong>Som tillval kan du till exempel studera olika axiomatiska system f\u00f6r att tr\u00e4na logiskt t\u00e4nkande, bland annat den Euklidiska geometrin.<\/p>\n<h3>Vad kan du bli?<\/h3>\n<p>Efter Kemi- och fysikprogrammet kan du bland annat vidareutbilda dig till dessa yrken:<\/p>\n<ul>\n<li>L\u00e4kare<\/li>\n<li>Veterin\u00e4r<\/li>\n<li>Tandl\u00e4kare<\/li>\n<li>Civilingenj\u00f6r<\/li>\n<li>Biomedicinsk analytiker<\/li>\n<li>Apotekare<\/li>\n<li>Optiker<\/li>\n<li>Landskapsarkitekt<\/li>\n<li>Jurist<\/li>\n<li>\u00c4mnesl\u00e4rare grundskola\/gymnasium<\/li>\n<li>Psykolog<\/li>\n<li>Socionom<\/li>\n<li>Beteendevetare<\/li>\n<li>Samh\u00e4llsvetare<\/li>\n<li>Statsvetare<\/li>\n<\/ul>\n<p><strong>H\u00e4r kan du ladda ner po\u00e4ngplanen f\u00f6r Kemi- och fysikprogrammet som pdf.\u00a0<\/strong><\/p>\n<p><strong>Po\u00e4ngplan: <\/strong><a href=\"http:\/\/staging.europaskolan.se\/strangnas\/wp-content\/uploads\/sites\/2\/2020\/04\/Poangplan-Kemi-fysikprogrammet.pdf\">Kemi- och fysikprogrammet\u00a0NA &gt;<\/a><\/p>\n","protected":false},"excerpt":{"rendered":"<p>Vill du ha en framtid som v\u00e4lutbildad naturvetare? Kanske bli forskare?<\/p>\n","protected":false},"author":2,"featured_media":1336,"parent":153,"menu_order":4,"comment_status":"closed","ping_status":"closed","template":"","meta":{"footnotes":""},"blocksy_meta":[],"rttpg_featured_image_url":{"full":["https:\/\/staging.europaskolan.se\/strangnas\/wp-content\/uploads\/sites\/2\/2013\/04\/kemi_fysikpprogramme680t.jpg",680,213,false],"landscape":["https:\/\/staging.europaskolan.se\/strangnas\/wp-content\/uploads\/sites\/2\/2013\/04\/kemi_fysikpprogramme680t.jpg",680,213,false],"portraits":["https:\/\/staging.europaskolan.se\/strangnas\/wp-content\/uploads\/sites\/2\/2013\/04\/kemi_fysikpprogramme680t.jpg",680,213,false],"thumbnail":["https:\/\/staging.europaskolan.se\/strangnas\/wp-content\/uploads\/sites\/2\/2013\/04\/kemi_fysikpprogramme680t-150x150.jpg",150,150,true],"medium":["https:\/\/staging.europaskolan.se\/strangnas\/wp-content\/uploads\/sites\/2\/2013\/04\/kemi_fysikpprogramme680t-300x94.jpg",300,94,true],"large":["https:\/\/staging.europaskolan.se\/strangnas\/wp-content\/uploads\/sites\/2\/2013\/04\/kemi_fysikpprogramme680t.jpg",680,213,false],"1536x1536":["https:\/\/staging.europaskolan.se\/strangnas\/wp-content\/uploads\/sites\/2\/2013\/04\/kemi_fysikpprogramme680t.jpg",680,213,false],"2048x2048":["https:\/\/staging.europaskolan.se\/strangnas\/wp-content\/uploads\/sites\/2\/2013\/04\/kemi_fysikpprogramme680t.jpg",680,213,false],"sow-carousel-default":["https:\/\/staging.europaskolan.se\/strangnas\/wp-content\/uploads\/sites\/2\/2013\/04\/kemi_fysikpprogramme680t.jpg",272,85,false]},"rttpg_author":{"display_name":"camilla","author_link":"https:\/\/staging.europaskolan.se\/strangnas\/author\/camilla\/"},"rttpg_comment":0,"rttpg_category":null,"rttpg_excerpt":"Vill du ha en framtid som v\u00e4lutbildad naturvetare? Kanske bli forskare?","_links":{"self":[{"href":"https:\/\/staging.europaskolan.se\/strangnas\/wp-json\/wp\/v2\/pages\/162"}],"collection":[{"href":"https:\/\/staging.europaskolan.se\/strangnas\/wp-json\/wp\/v2\/pages"}],"about":[{"href":"https:\/\/staging.europaskolan.se\/strangnas\/wp-json\/wp\/v2\/types\/page"}],"author":[{"embeddable":true,"href":"https:\/\/staging.europaskolan.se\/strangnas\/wp-json\/wp\/v2\/users\/2"}],"replies":[{"embeddable":true,"href":"https:\/\/staging.europaskolan.se\/strangnas\/wp-json\/wp\/v2\/comments?post=162"}],"version-history":[{"count":10,"href":"https:\/\/staging.europaskolan.se\/strangnas\/wp-json\/wp\/v2\/pages\/162\/revisions"}],"predecessor-version":[{"id":13975,"href":"https:\/\/staging.europaskolan.se\/strangnas\/wp-json\/wp\/v2\/pages\/162\/revisions\/13975"}],"up":[{"embeddable":true,"href":"https:\/\/staging.europaskolan.se\/strangnas\/wp-json\/wp\/v2\/pages\/153"}],"wp:featuredmedia":[{"embeddable":true,"href":"https:\/\/staging.europaskolan.se\/strangnas\/wp-json\/wp\/v2\/media\/1336"}],"wp:attachment":[{"href":"https:\/\/staging.europaskolan.se\/strangnas\/wp-json\/wp\/v2\/media?parent=162"}],"curies":[{"name":"wp","href":"https:\/\/api.w.org\/{rel}","templated":true}]}}