{"id":151,"date":"2013-02-18T18:02:20","date_gmt":"2013-02-18T17:02:20","guid":{"rendered":"http:\/\/staging.europaskolan.se\/wordpress\/?page_id=151"},"modified":"2023-09-26T14:24:56","modified_gmt":"2023-09-26T12:24:56","slug":"var-broschyr","status":"publish","type":"page","link":"https:\/\/staging.europaskolan.se\/strangnas\/var-broschyr\/","title":{"rendered":"V\u00e5r broschyr"},"content":{"rendered":"<p><i>I v\u00e5r broschyr kan du l\u00e4sa den senaste informationen om Europaskolan Str\u00e4ngn\u00e4s\u00a0och v\u00e5ra program. H\u00e4r ber\u00e4ttar vi ocks\u00e5 om skolans profil och v\u00e4rdegrund.<\/i><a href=\"http:\/\/www.flipsnack.com\/55DB9DAD75E\/europaskolan-strangnas-din-nyckel-till-europa.html\" target=\"_blank\" rel=\"noopener noreferrer\"><br \/>\n<\/a><\/p>\n<p><a href=\"http:\/\/staging.europaskolan.se\/strangnas\/wp-content\/uploads\/sites\/2\/2022\/10\/Broschyr_program_221006.pdf\">V\u00e5r broschyr som pdf &gt;<\/a><\/p>\n<p><a href=\"http:\/\/staging.europaskolan.se\/strangnas\/wp-content\/uploads\/sites\/2\/2020\/01\/Programbroschyr_Europaskolan-Strangnas_webb-200116.pdf\"><img fetchpriority=\"high\" decoding=\"async\" class=\"alignnone wp-image-11373 \" src=\"http:\/\/staging.europaskolan.se\/strangnas\/wp-content\/uploads\/sites\/2\/2020\/06\/Programbroschyr_Europaskolan-StrangnasNY-725x1024.jpg\" alt=\"\" width=\"446\" height=\"630\" \/><\/a><\/p>\n<p><i>Trevlig l\u00e4sning!<\/i><\/p>\n","protected":false},"excerpt":{"rendered":"<p>I v\u00e5r broschyr kan du l\u00e4sa den senaste informationen om Europaskolan Str\u00e4ngn\u00e4s\u00a0och v\u00e5ra program. H\u00e4r ber\u00e4ttar vi ocks\u00e5 om skolans profil och v\u00e4rdegrund. V\u00e5r broschyr som pdf &gt; Trevlig l\u00e4sning!<\/p>\n","protected":false},"author":2,"featured_media":0,"parent":0,"menu_order":10,"comment_status":"closed","ping_status":"closed","template":"","meta":{"footnotes":""},"blocksy_meta":[],"rttpg_featured_image_url":null,"rttpg_author":{"display_name":"camilla","author_link":"https:\/\/staging.europaskolan.se\/strangnas\/author\/camilla\/"},"rttpg_comment":0,"rttpg_category":null,"rttpg_excerpt":"I v\u00e5r broschyr kan du l\u00e4sa den senaste informationen om Europaskolan Str\u00e4ngn\u00e4s\u00a0och v\u00e5ra program. H\u00e4r ber\u00e4ttar vi ocks\u00e5 om skolans profil och v\u00e4rdegrund. V\u00e5r broschyr som pdf &gt; Trevlig l\u00e4sning!","_links":{"self":[{"href":"https:\/\/staging.europaskolan.se\/strangnas\/wp-json\/wp\/v2\/pages\/151"}],"collection":[{"href":"https:\/\/staging.europaskolan.se\/strangnas\/wp-json\/wp\/v2\/pages"}],"about":[{"href":"https:\/\/staging.europaskolan.se\/strangnas\/wp-json\/wp\/v2\/types\/page"}],"author":[{"embeddable":true,"href":"https:\/\/staging.europaskolan.se\/strangnas\/wp-json\/wp\/v2\/users\/2"}],"replies":[{"embeddable":true,"href":"https:\/\/staging.europaskolan.se\/strangnas\/wp-json\/wp\/v2\/comments?post=151"}],"version-history":[{"count":10,"href":"https:\/\/staging.europaskolan.se\/strangnas\/wp-json\/wp\/v2\/pages\/151\/revisions"}],"predecessor-version":[{"id":11372,"href":"https:\/\/staging.europaskolan.se\/strangnas\/wp-json\/wp\/v2\/pages\/151\/revisions\/11372"}],"wp:attachment":[{"href":"https:\/\/staging.europaskolan.se\/strangnas\/wp-json\/wp\/v2\/media?parent=151"}],"curies":[{"name":"wp","href":"https:\/\/api.w.org\/{rel}","templated":true}]}}