{"id":141,"date":"2013-02-18T17:37:27","date_gmt":"2013-02-18T16:37:27","guid":{"rendered":"http:\/\/staging.europaskolan.se\/wordpress\/?page_id=141"},"modified":"2023-09-26T14:24:15","modified_gmt":"2023-09-26T12:24:15","slug":"itdata","status":"publish","type":"page","link":"https:\/\/staging.europaskolan.se\/strangnas\/itdata\/","title":{"rendered":"IT p\u00e5 Europaskolan Str\u00e4ngn\u00e4s"},"content":{"rendered":"<p><a href=\"http:\/\/staging.europaskolan.se\/strangnas\/wp-content\/uploads\/2013\/02\/data-elev2.jpg\"><img fetchpriority=\"high\" decoding=\"async\" class=\"alignnone size-full wp-image-3552\" src=\"http:\/\/staging.europaskolan.se\/strangnas\/wp-content\/uploads\/2013\/02\/data-elev2.jpg\" alt=\"data-elev2\" width=\"680\" height=\"280\" \/><\/a><\/p>\n<h3>Elevdatorer, intran\u00e4t och den senaste tekniken<\/h3>\n<p><em>IT \u00e4r en viktig del i utbildningen p\u00e5 Europaskolan Str\u00e4ngn\u00e4s. D\u00e4rf\u00f6r satsar vi p\u00e5 den senaste\u00a0tekniken, med tr\u00e5dl\u00f6st n\u00e4tverk och eget intran\u00e4t. Varje elev p\u00e5 gymnasiet<\/em><em> f\u00e5r ocks\u00e5 en egen b\u00e4rbar dator.<\/em><\/p>\n<p><strong>Skolans IT-milj\u00f6 ska underl\u00e4tta b\u00e5de studier och kommunikation.<\/strong> Med en trygg teknik\u00a0kan vi l\u00e4gga tonvikt p\u00e5 pedagogiken. F\u00f6rutom tr\u00e5dl\u00f6st n\u00e4tverk, finns det bildkanoner i alla klassrum.<\/p>\n<p><strong>Som gymnasieelev hos oss f\u00e5r du en egen b\u00e4rbar dator.<\/strong> Datorn underl\u00e4ttar skolarbetet och kompletterar l\u00e4rob\u00f6ckerna. Alla l\u00e4rare har ocks\u00e5 b\u00e4rbara datorer.<\/p>\n<p><strong>Admentum \u00e4r v\u00e5rt intran\u00e4t med allt du beh\u00f6ver veta, b\u00e5de som elev och v\u00e5rdnadshavare.<\/strong> H\u00e4r finns lektions\u00adplaneringar, scheman, hemuppgifter, de senaste nyheterna och resultaten. N\u00e4rvaro rapporteras ocks\u00e5 dagligen p\u00e5 ett tydligt s\u00e4tt.<\/p>\n<p>Varje elev och v\u00e5rdnadshavare f\u00e5r egna sidor, som \u00e4r skyddade med l\u00f6senord. \u00c4r det n\u00e5got du som elev har gjort extra bra? Eller beh\u00f6ver tr\u00e4na p\u00e5 lite mer? P\u00e5 Admentum f\u00e5r du veta det direkt.<\/p>\n<p><b>Kontakt<br \/>\n<\/b><br \/>\nHar du fr\u00e5gor om IT och skolans datorer? V\u00e4lkommen att kontakta v\u00e5ra IT-tekniker:<\/p>\n<p><i>Johan Eklund<\/i><br \/>\nTelefon: 0152-33 11 22<br \/>\nE-post:\u00a0<a href=\"mailto:johan.eklund@europaskolan.se\">johan.eklund@europaskolan.se<\/a><\/p>\n<p><i>Jimi Sandsten<\/i><br \/>\nTelefon: 0152-33 11 23<br \/>\nE-post: <a href=\"mailto:jimi.sandsten@europaskolan.se\">jimi.sandsten@europaskolan.se<\/a><\/p>\n","protected":false},"excerpt":{"rendered":"<p>Elevdatorer, intran\u00e4t och den senaste tekniken IT \u00e4r en viktig del i utbildningen p\u00e5 Europaskolan Str\u00e4ngn\u00e4s. D\u00e4rf\u00f6r satsar vi p\u00e5 den senaste\u00a0tekniken, med tr\u00e5dl\u00f6st n\u00e4tverk och eget intran\u00e4t. Varje elev p\u00e5 gymnasiet f\u00e5r ocks\u00e5 en egen b\u00e4rbar dator. Skolans IT-milj\u00f6 ska underl\u00e4tta b\u00e5de studier och kommunikation. Med en trygg teknik\u00a0kan vi l\u00e4gga tonvikt p\u00e5 pedagogiken. [&hellip;]<\/p>\n","protected":false},"author":2,"featured_media":0,"parent":0,"menu_order":6,"comment_status":"closed","ping_status":"closed","template":"","meta":{"footnotes":""},"blocksy_meta":[],"rttpg_featured_image_url":null,"rttpg_author":{"display_name":"camilla","author_link":"https:\/\/staging.europaskolan.se\/strangnas\/author\/camilla\/"},"rttpg_comment":0,"rttpg_category":null,"rttpg_excerpt":"Elevdatorer, intran\u00e4t och den senaste tekniken IT \u00e4r en viktig del i utbildningen p\u00e5 Europaskolan Str\u00e4ngn\u00e4s. D\u00e4rf\u00f6r satsar vi p\u00e5 den senaste\u00a0tekniken, med tr\u00e5dl\u00f6st n\u00e4tverk och eget intran\u00e4t. Varje elev p\u00e5 gymnasiet f\u00e5r ocks\u00e5 en egen b\u00e4rbar dator. Skolans IT-milj\u00f6 ska underl\u00e4tta b\u00e5de studier och kommunikation. Med en trygg teknik\u00a0kan vi l\u00e4gga tonvikt p\u00e5 pedagogiken.&hellip;","_links":{"self":[{"href":"https:\/\/staging.europaskolan.se\/strangnas\/wp-json\/wp\/v2\/pages\/141"}],"collection":[{"href":"https:\/\/staging.europaskolan.se\/strangnas\/wp-json\/wp\/v2\/pages"}],"about":[{"href":"https:\/\/staging.europaskolan.se\/strangnas\/wp-json\/wp\/v2\/types\/page"}],"author":[{"embeddable":true,"href":"https:\/\/staging.europaskolan.se\/strangnas\/wp-json\/wp\/v2\/users\/2"}],"replies":[{"embeddable":true,"href":"https:\/\/staging.europaskolan.se\/strangnas\/wp-json\/wp\/v2\/comments?post=141"}],"version-history":[{"count":4,"href":"https:\/\/staging.europaskolan.se\/strangnas\/wp-json\/wp\/v2\/pages\/141\/revisions"}],"predecessor-version":[{"id":13812,"href":"https:\/\/staging.europaskolan.se\/strangnas\/wp-json\/wp\/v2\/pages\/141\/revisions\/13812"}],"wp:attachment":[{"href":"https:\/\/staging.europaskolan.se\/strangnas\/wp-json\/wp\/v2\/media?parent=141"}],"curies":[{"name":"wp","href":"https:\/\/api.w.org\/{rel}","templated":true}]}}