{"id":137,"date":"2013-02-18T17:35:12","date_gmt":"2013-02-18T16:35:12","guid":{"rendered":"http:\/\/staging.europaskolan.se\/wordpress\/?page_id=137"},"modified":"2023-09-26T12:37:30","modified_gmt":"2023-09-26T10:37:30","slug":"pendla-eller-bo-i-strangnas","status":"publish","type":"page","link":"https:\/\/staging.europaskolan.se\/strangnas\/pendla-eller-bo-i-strangnas\/","title":{"rendered":"Pendla eller bo i Str\u00e4ngn\u00e4s"},"content":{"rendered":"<p><a href=\"http:\/\/staging.europaskolan.se\/strangnas\/wp-content\/uploads\/2013\/02\/strangnas-vy.jpg\"><img fetchpriority=\"high\" decoding=\"async\" class=\"alignnone size-full wp-image-3826\" src=\"http:\/\/staging.europaskolan.se\/strangnas\/wp-content\/uploads\/2013\/02\/strangnas-vy.jpg\" alt=\"strangnas-vy\" width=\"680\" height=\"261\" \/><\/a><\/p>\n<h3>Dagspendla till eller bo i Str\u00e4ngn\u00e4s<\/h3>\n<p><em>Bor du inte i Str\u00e4ngn\u00e4s? Europaskolan Str\u00e4ngn\u00e4s tar emot elever fr\u00e5n hela Sverige. Skolan har m\u00e5nga elever som kommer fr\u00e5n andra kommuner. Du kan antingen dagspendla eller bo i Str\u00e4ngn\u00e4s. Vi hj\u00e4lper dig att ordna boende.<\/em><\/p>\n<p><b>Om du bor n\u00e4ra Str\u00e4ngn\u00e4s, g\u00e5r det bra att dagspendla<\/b> mellan ditt hem och Europaskolan Str\u00e4ngn\u00e4s. Vid kortare v\u00e4ntetid kan du passa p\u00e5 att fika eller plugga i skolans caf\u00e9. H\u00f6r med din hemkommun om resebidrag.<\/p>\n<p><b>Har du l\u00e5ngt hem? D\u00e5 kan du v\u00e4lja att bo i Str\u00e4ngn\u00e4s.<\/b> Europaskolan Str\u00e4ngn\u00e4s \u00e4r ingen internatskola men vi erbjuder elevbost\u00e4der till f\u00f6rsta\u00e5rselever.<\/p>\n<p><strong>I en elevbostad bor du i m\u00f6blerat rum<\/strong>\u00a0med tillg\u00e5ng till ett fullt utrustat k\u00f6k, som \u00e4r gemensamt f\u00f6r alla boende.\u00a0I hyran ing\u00e5r det frukost som serveras i skolans matsal. Middagsm\u00e5let ordnar du sj\u00e4lv, eller ocks\u00e5 k\u00f6per du en middagsl\u00e5da via skolans matsal. Elevboendet har regelbunden tillsyn av en vuxen en g\u00e5ng i veckan, som alltid kan n\u00e5s via telefon.<\/p>\n<p><b>Att hyra rum eller l\u00e4genhet privat<\/b> \u00e4r ocks\u00e5 en m\u00f6jlighet. Kanske vill du bo tillsammans\u00a0med en skolkamrat?<\/p>\n<hr \/>\n<h3>Vid intresse\u00a0kontakta:<\/h3>\n<p><strong>Lotta Nyblad<\/strong><br \/>\nInackorderingsansvarig<br \/>\n<strong>Mobil:<\/strong> 0152-33 11 04<br \/>\n<strong>E-post:<\/strong>\u00a0<a href=\"mailto:lotta.nyblad@europaskolan.se\">lotta.nyblad@europaskolan.se<\/a><\/p>\n<p>Vi hj\u00e4lper dig att hyra l\u00e4genheter\/rum hos lokala hyresv\u00e4rdar eller privatpersoner i Str\u00e4ngn\u00e4s.\u00a0V\u00e4lkommen att kontakta oss!<\/p>\n<p><b>Pendelavst\u00e5nd:<\/b><br \/>\nT\u00e5gf\u00f6rbindelse till\/fr\u00e5n Eskilstuna: 15 min, Nykvarn: 20 min, S\u00f6dert\u00e4lje:<br \/>\n30 min, Kungs\u00f6r: 40 min, Arboga: 50 min och Stockholm: 50 min.<br \/>\nBussf\u00f6rbindelse med Enk\u00f6ping: 45 min.<\/p>\n","protected":false},"excerpt":{"rendered":"<p>Dagspendla till eller bo i Str\u00e4ngn\u00e4s Bor du inte i Str\u00e4ngn\u00e4s? Europaskolan Str\u00e4ngn\u00e4s tar emot elever fr\u00e5n hela Sverige. Skolan har m\u00e5nga elever som kommer fr\u00e5n andra kommuner. Du kan antingen dagspendla eller bo i Str\u00e4ngn\u00e4s. Vi hj\u00e4lper dig att ordna boende. Om du bor n\u00e4ra Str\u00e4ngn\u00e4s, g\u00e5r det bra att dagspendla mellan ditt hem [&hellip;]<\/p>\n","protected":false},"author":2,"featured_media":0,"parent":0,"menu_order":5,"comment_status":"closed","ping_status":"closed","template":"","meta":{"footnotes":""},"blocksy_meta":[],"rttpg_featured_image_url":null,"rttpg_author":{"display_name":"camilla","author_link":"https:\/\/staging.europaskolan.se\/strangnas\/author\/camilla\/"},"rttpg_comment":0,"rttpg_category":null,"rttpg_excerpt":"Dagspendla till eller bo i Str\u00e4ngn\u00e4s Bor du inte i Str\u00e4ngn\u00e4s? Europaskolan Str\u00e4ngn\u00e4s tar emot elever fr\u00e5n hela Sverige. Skolan har m\u00e5nga elever som kommer fr\u00e5n andra kommuner. Du kan antingen dagspendla eller bo i Str\u00e4ngn\u00e4s. Vi hj\u00e4lper dig att ordna boende. Om du bor n\u00e4ra Str\u00e4ngn\u00e4s, g\u00e5r det bra att dagspendla mellan ditt hem&hellip;","_links":{"self":[{"href":"https:\/\/staging.europaskolan.se\/strangnas\/wp-json\/wp\/v2\/pages\/137"}],"collection":[{"href":"https:\/\/staging.europaskolan.se\/strangnas\/wp-json\/wp\/v2\/pages"}],"about":[{"href":"https:\/\/staging.europaskolan.se\/strangnas\/wp-json\/wp\/v2\/types\/page"}],"author":[{"embeddable":true,"href":"https:\/\/staging.europaskolan.se\/strangnas\/wp-json\/wp\/v2\/users\/2"}],"replies":[{"embeddable":true,"href":"https:\/\/staging.europaskolan.se\/strangnas\/wp-json\/wp\/v2\/comments?post=137"}],"version-history":[{"count":8,"href":"https:\/\/staging.europaskolan.se\/strangnas\/wp-json\/wp\/v2\/pages\/137\/revisions"}],"predecessor-version":[{"id":14368,"href":"https:\/\/staging.europaskolan.se\/strangnas\/wp-json\/wp\/v2\/pages\/137\/revisions\/14368"}],"wp:attachment":[{"href":"https:\/\/staging.europaskolan.se\/strangnas\/wp-json\/wp\/v2\/media?parent=137"}],"curies":[{"name":"wp","href":"https:\/\/api.w.org\/{rel}","templated":true}]}}