{"id":1311,"date":"2013-04-02T09:58:36","date_gmt":"2013-04-02T07:58:36","guid":{"rendered":"http:\/\/staging.europaskolan.se\/wordpress\/?page_id=1311"},"modified":"2023-09-26T14:25:09","modified_gmt":"2023-09-26T12:25:09","slug":"studieresor","status":"publish","type":"page","link":"https:\/\/staging.europaskolan.se\/strangnas\/studieresor\/","title":{"rendered":"Studieresor"},"content":{"rendered":"<p><img fetchpriority=\"high\" decoding=\"async\" class=\"alignnone size-full wp-image-1493\" src=\"http:\/\/staging.europaskolan.se\/strangnas\/wp-content\/uploads\/studieresor680.jpg\" alt=\"\" width=\"680\" height=\"213\" \/><\/p>\n<h3>Studieresor<\/h3>\n<p><em>Ut\u00f6ver bildnings- och spr\u00e5kresor, erbjuder Europaskolan Str\u00e4ngn\u00e4s intressanta studieresor. Resorna\u00a0\u00e4r f\u00f6r dig som l\u00e4ser engelska, F\u00f6retagarprogrammet, Kemi\/Fysikprogrammet och spetsutbildningen Scienceprogrammet.<\/em><\/p>\n<p><b>V\u00e4rldens st\u00f6rsta partikelfysiklaboratorium <\/b>\u2013 det kan du bes\u00f6ka som naturvetarelev i \u00e5rskurs 3.\u00a0D\u00e5 reser vi till CERN (Organisation Europ\u00e9enne pour la Recherche Nucl\u00e9aire) utanf\u00f6r Gen\u00e8ve. H\u00e4r f\u00e5r\u00a0du bland annat lyssna till forskare som f\u00f6rel\u00e4ser om ATLAS-detektorns funktion och se utst\u00e4llningen om forskningen p\u00e5 CERN. Det blir ocks\u00e5 bes\u00f6k p\u00e5 FN:s Europah\u00f6gkvarter, botaniska tr\u00e4dg\u00e5rden och R\u00f6da korsets museum.<\/p>\n<p><b>Om du l\u00e4ser vid v\u00e5rt samh\u00e4llsvetenskapliga spetsprogram Modern Humanities\u00a0<\/b>s\u00e5 f\u00e5r du resa till platser d\u00e4r d\u00e5tid och nutid sm\u00e4lter samman. Vi studerar och upplever bes\u00f6ksm\u00e5l som format v\u00e5r historia och p\u00e5verkar v\u00e4rlden i dag. Tidigare \u00e5r har vi varit i New York f\u00f6r att exempelvis bes\u00f6ka FN:s h\u00f6gkvarter, den svenska FN-representationen, 9\/11 Memorial och Ellis Island samt uppleva Metropolitan Museum of Art. Ut\u00f6ver detta har vi \u00e4ven bes\u00f6kt v\u00e4rldens politiska maktcentrum Washington DC med fokus p\u00e5 viktiga platser kring The National Mall.<\/p>\n<p><b>Europas finanscentrum \u2013 London \u2013 <\/b>f\u00e5r du bes\u00f6ka som sista\u00e5rselev p\u00e5 F\u00f6retagarprogrammet (EK). H\u00e4r f\u00e5r vi en f\u00f6rst\u00e5else f\u00f6r varf\u00f6r London \u00e4r s\u00e5 viktig f\u00f6r finansv\u00e4rlden, genom studiebes\u00f6k p\u00e5 exempelvis Skandia Old Mutual, Svenska Handelsbanken, Svenska Handelskammaren, Exportr\u00e5det, London Metal Exchange och McGuireWoods. Vi ser ocks\u00e5 vilka m\u00f6jligheter det finns i London f\u00f6r\u00a0framtida studier och jobb.<\/p>\n<p><b>En sommarresa till England<\/b> blir det f\u00f6r andra\u00e5rseleverna som studerar engelska. D\u00e5 st\u00e5r engelsk historia, kultur och spr\u00e5k i fokus. Veckan innan l\u00e4s\u00e5rsstart bes\u00f6ker vi Oxford och Stratford, utforskar natursk\u00f6na och f\u00f6rhistoriska platser samt ser romerska l\u00e4mningar. Resan avslutas med en dag i London.<\/p>\n<p><strong>Paula Holst, <\/strong>tidigare elev, om sin sommarresa till England:<br \/>\n<i><br \/>\n&#8220;Resan till England i augusti var mycket minnesv\u00e4rd! Vi \u00e5kte i en liten grupp vilket gjorde att vi fick b\u00e4ttre m\u00f6jlighet att anpassa resan till v\u00e5ra \u00f6nskem\u00e5l. I vanliga fall \u00e4r huvudattraktionen alltid London, men eftersom jag och m\u00e5nga andra varit d\u00e4r tidigare var det roligt att f\u00e5 \u00e5ka ut i det engelska landskapet och se delar vi inte gjort tidigare \u2013 England har s\u00e5 mycket mer att erbjuda \u00e4n bara huvudstaden!<\/i><\/p>\n<p><em>Det var ett fullsp\u00e4ckat schema med m\u00e5nga inplanerade aktiviteter s\u00e5 att vi skulle f\u00e5 ut s\u00e5 mycket som m\u00f6jligt av veckan. Min personliga favorit var det otroligt vackra slottet Arundel Castle som var olikt allt annat jag sett tidigare.<\/em><\/p>\n<p><em>Helt klart en mycket bra resa!&#8221;<\/em><\/p>\n","protected":false},"excerpt":{"rendered":"<p>Ut\u00f6ver bildnings- och spr\u00e5kresor, erbjuder Europaskolan Str\u00e4ngn\u00e4s intressanta studieresor.<\/p>\n","protected":false},"author":2,"featured_media":1493,"parent":0,"menu_order":2,"comment_status":"closed","ping_status":"closed","template":"","meta":{"footnotes":""},"blocksy_meta":[],"rttpg_featured_image_url":{"full":["https:\/\/staging.europaskolan.se\/strangnas\/wp-content\/uploads\/sites\/2\/2013\/04\/studieresor680.jpg",680,213,false],"landscape":["https:\/\/staging.europaskolan.se\/strangnas\/wp-content\/uploads\/sites\/2\/2013\/04\/studieresor680.jpg",680,213,false],"portraits":["https:\/\/staging.europaskolan.se\/strangnas\/wp-content\/uploads\/sites\/2\/2013\/04\/studieresor680.jpg",680,213,false],"thumbnail":["https:\/\/staging.europaskolan.se\/strangnas\/wp-content\/uploads\/sites\/2\/2013\/04\/studieresor680-150x150.jpg",150,150,true],"medium":["https:\/\/staging.europaskolan.se\/strangnas\/wp-content\/uploads\/sites\/2\/2013\/04\/studieresor680-300x94.jpg",300,94,true],"large":["https:\/\/staging.europaskolan.se\/strangnas\/wp-content\/uploads\/sites\/2\/2013\/04\/studieresor680.jpg",680,213,false],"1536x1536":["https:\/\/staging.europaskolan.se\/strangnas\/wp-content\/uploads\/sites\/2\/2013\/04\/studieresor680.jpg",680,213,false],"2048x2048":["https:\/\/staging.europaskolan.se\/strangnas\/wp-content\/uploads\/sites\/2\/2013\/04\/studieresor680.jpg",680,213,false],"sow-carousel-default":["https:\/\/staging.europaskolan.se\/strangnas\/wp-content\/uploads\/sites\/2\/2013\/04\/studieresor680.jpg",272,85,false]},"rttpg_author":{"display_name":"camilla","author_link":"https:\/\/staging.europaskolan.se\/strangnas\/author\/camilla\/"},"rttpg_comment":0,"rttpg_category":null,"rttpg_excerpt":"Ut\u00f6ver bildnings- och spr\u00e5kresor, erbjuder Europaskolan Str\u00e4ngn\u00e4s intressanta studieresor.","_links":{"self":[{"href":"https:\/\/staging.europaskolan.se\/strangnas\/wp-json\/wp\/v2\/pages\/1311"}],"collection":[{"href":"https:\/\/staging.europaskolan.se\/strangnas\/wp-json\/wp\/v2\/pages"}],"about":[{"href":"https:\/\/staging.europaskolan.se\/strangnas\/wp-json\/wp\/v2\/types\/page"}],"author":[{"embeddable":true,"href":"https:\/\/staging.europaskolan.se\/strangnas\/wp-json\/wp\/v2\/users\/2"}],"replies":[{"embeddable":true,"href":"https:\/\/staging.europaskolan.se\/strangnas\/wp-json\/wp\/v2\/comments?post=1311"}],"version-history":[{"count":5,"href":"https:\/\/staging.europaskolan.se\/strangnas\/wp-json\/wp\/v2\/pages\/1311\/revisions"}],"predecessor-version":[{"id":11497,"href":"https:\/\/staging.europaskolan.se\/strangnas\/wp-json\/wp\/v2\/pages\/1311\/revisions\/11497"}],"wp:featuredmedia":[{"embeddable":true,"href":"https:\/\/staging.europaskolan.se\/strangnas\/wp-json\/wp\/v2\/media\/1493"}],"wp:attachment":[{"href":"https:\/\/staging.europaskolan.se\/strangnas\/wp-json\/wp\/v2\/media?parent=1311"}],"curies":[{"name":"wp","href":"https:\/\/api.w.org\/{rel}","templated":true}]}}