{"id":11380,"date":"2020-06-17T10:42:16","date_gmt":"2020-06-17T08:42:16","guid":{"rendered":"http:\/\/staging.europaskolan.se\/strangnas\/?page_id=11380"},"modified":"2021-06-15T14:30:38","modified_gmt":"2021-06-15T12:30:38","slug":"information-om-slutgiltigt-antagningsbesked","status":"publish","type":"page","link":"https:\/\/staging.europaskolan.se\/strangnas\/information-om-slutgiltigt-antagningsbesked\/","title":{"rendered":"Information om slutgiltigt antagningsbesked"},"content":{"rendered":"<p><strong>Senast vecka 26<\/strong> ska du ha f\u00e5tt ett hemskickat besked i brevl\u00e5dan. Nedan ser du delar av vad det st\u00e5r i detta besked:<\/p>\n<hr \/>\n<p><strong>Du har blivit <u>definitivt antagen<\/u> till \u2026\u2026\u2026\u2026\u2026\u2026\u2026\u2026\u2026 p\u00e5 Europaskolan Str\u00e4ngn\u00e4s<\/strong><\/p>\n<p><strong>Senast den 30 juli<\/strong> vill vi veta om du tackar ja eller nej till erbjuden studieplats. Detta meddelar du genom att fylla i nedanst\u00e5ende och skicka tillbaka blanketten till oss. Om vi mot f\u00f6rmodan inte f\u00e5r in ditt svar, kontaktar vi dig i b\u00f6rjan av augusti.<\/p>\n<p><strong>Skolstart f\u00f6r \u00e5k 1 p\u00e5 Europaskolan Str\u00e4ngn\u00e4s \u00e4r den 16 augusti, kl. 9.30<\/strong> i Dj\u00e4knehallen.<\/p>\n<p><strong>Skolreceptionen \u00f6ppnar mejlen den 9 augusti<\/strong> och svarar d\u00e5 p\u00e5 dina eventuella fr\u00e5gor.<\/p>\n<hr \/>\n<h3>Viktigt!<\/h3>\n<ul>\n<li>Det definitiva beskedet f\u00f6r andra skolor syns i Dexter den 2 juli.<\/li>\n<\/ul>\n<ul>\n<li>Du ser <strong><em>inte<\/em><\/strong> i Dexter om du har f\u00e5tt plats p\u00e5 Europaskolan Str\u00e4ngn\u00e4s.<\/li>\n<\/ul>\n<ul>\n<li>Du <em><strong>m\u00e5ste<\/strong><\/em> fylla i talongen fr\u00e5n Europaskolan Str\u00e4ngn\u00e4s och tacka JA eller NEJ till din plats.<\/li>\n<\/ul>\n<p><strong>N\u00e4r ska du h\u00f6ra av dig till Europaskolan Str\u00e4ngn\u00e4s g\u00e4llande det definitiva beskedet? <\/strong><\/p>\n<ul>\n<li>Om du inte har f\u00e5tt ett definitivt besked hemskickat i brevl\u00e5dan n\u00e4r datum f\u00f6r antagningsbesked g\u00e5tt ut.<\/li>\n<\/ul>\n<hr \/>\n<h3>Har du fr\u00e5gor? V\u00e4lkommen att h\u00f6ra av dig till:<\/h3>\n<p><strong>Nicklas Hellmark<\/strong><br \/>\nStudie- och yrkesv\u00e4gledare<\/p>\n<p><strong>E-post:<\/strong>\u00a0<a href=\"mailto:nicklas.hellmark@europaskolan.se\">nicklas.hellmark@europaskolan.se<\/a><br \/>\n<strong>Telefon:<\/strong>\u00a00152-33 11 05<\/p>\n<p>&nbsp;<\/p>\n","protected":false},"excerpt":{"rendered":"<p>Senast vecka 26 ska du ha f\u00e5tt ett hemskickat besked i brevl\u00e5dan. Nedan ser du delar av vad det st\u00e5r i detta besked: Du har blivit definitivt antagen till \u2026\u2026\u2026\u2026\u2026\u2026\u2026\u2026\u2026 p\u00e5 Europaskolan Str\u00e4ngn\u00e4s Senast den 30 juli vill vi veta om du tackar ja eller nej till erbjuden studieplats. Detta meddelar du genom att fylla [&hellip;]<\/p>\n","protected":false},"author":1,"featured_media":0,"parent":0,"menu_order":0,"comment_status":"closed","ping_status":"closed","template":"","meta":{"footnotes":""},"blocksy_meta":[],"rttpg_featured_image_url":null,"rttpg_author":{"display_name":"admin","author_link":"https:\/\/staging.europaskolan.se\/strangnas\/author\/admin\/"},"rttpg_comment":0,"rttpg_category":null,"rttpg_excerpt":"Senast vecka 26 ska du ha f\u00e5tt ett hemskickat besked i brevl\u00e5dan. Nedan ser du delar av vad det st\u00e5r i detta besked: Du har blivit definitivt antagen till \u2026\u2026\u2026\u2026\u2026\u2026\u2026\u2026\u2026 p\u00e5 Europaskolan Str\u00e4ngn\u00e4s Senast den 30 juli vill vi veta om du tackar ja eller nej till erbjuden studieplats. Detta meddelar du genom att fylla&hellip;","_links":{"self":[{"href":"https:\/\/staging.europaskolan.se\/strangnas\/wp-json\/wp\/v2\/pages\/11380"}],"collection":[{"href":"https:\/\/staging.europaskolan.se\/strangnas\/wp-json\/wp\/v2\/pages"}],"about":[{"href":"https:\/\/staging.europaskolan.se\/strangnas\/wp-json\/wp\/v2\/types\/page"}],"author":[{"embeddable":true,"href":"https:\/\/staging.europaskolan.se\/strangnas\/wp-json\/wp\/v2\/users\/1"}],"replies":[{"embeddable":true,"href":"https:\/\/staging.europaskolan.se\/strangnas\/wp-json\/wp\/v2\/comments?post=11380"}],"version-history":[{"count":6,"href":"https:\/\/staging.europaskolan.se\/strangnas\/wp-json\/wp\/v2\/pages\/11380\/revisions"}],"predecessor-version":[{"id":12182,"href":"https:\/\/staging.europaskolan.se\/strangnas\/wp-json\/wp\/v2\/pages\/11380\/revisions\/12182"}],"wp:attachment":[{"href":"https:\/\/staging.europaskolan.se\/strangnas\/wp-json\/wp\/v2\/media?parent=11380"}],"curies":[{"name":"wp","href":"https:\/\/api.w.org\/{rel}","templated":true}]}}