{"id":572,"date":"2013-03-05T09:51:39","date_gmt":"2013-03-05T08:51:39","guid":{"rendered":"http:\/\/staging.europaskolan.se\/wordpress\/?page_id=572"},"modified":"2024-01-08T10:55:15","modified_gmt":"2024-01-08T09:55:15","slug":"anmalan-till-elevko","status":"publish","type":"page","link":"https:\/\/staging.europaskolan.se\/rogge\/anmalan-till-elevko\/","title":{"rendered":"Information om anm\u00e4lan till elevk\u00f6"},"content":{"rendered":"<p><em>M\u00e5nga vill studera p\u00e5 Europaskolan Rogge\u00a0\u2013 det \u00e4r vi mycket glada f\u00f6r!\u00a0Det stora intresset betyder ocks\u00e5 att det \u00e4r k\u00f6 till skolans platser.<\/em><\/p>\n<h3>Skolans urvalskriterier vid m\u00e5nga s\u00f6kande<\/h3>\n<p><strong>Om det \u00e4r fler s\u00f6kande \u00e4n vad det finns platser p\u00e5 skolan<\/strong> tas eleverna emot enligt k\u00f6datum. Det inneb\u00e4r att barnen tas emot utifr\u00e5n vem som har st\u00e5tt l\u00e4ngst tid i k\u00f6n. Syskonf\u00f6rtur* g\u00e4ller f\u00f6r barn som har ett syskon som g\u00e5r p\u00e5 skolenheten vid tilltr\u00e4det. Med syskon avses barn som lever i samma familj och \u00e4r folkbokf\u00f6rda p\u00e5 samma adress. Barn som omfattas av syskonf\u00f6rturen g\u00e5r f\u00f6re de barn som st\u00e5tt l\u00e4ngre tid i k\u00f6n men inte har syskon p\u00e5 skolan.<\/p>\n<p><em><strong>*Syskonf\u00f6rtur inf\u00f6rs f\u00f6r alla skolplaceringar med tilltr\u00e4de fr.o.m. h\u00f6stterminen 2023.<br \/>\n<\/strong><\/em>Det inneb\u00e4r att alla skolplaceringar f\u00f6r barn som startar h\u00f6stterminen 2023 omfattas av syskonf\u00f6rturen, men placeringar som tilltr\u00e4ds under l\u00e4s\u00e5ret 22\/23 enbart sker baserat p\u00e5 anm\u00e4lningstid (k\u00f6datum).<\/p>\n<p><strong>Som v\u00e5rdnadshavare kan du st\u00e4lla ditt barn i k\u00f6 s\u00e5 tidigt som du \u00f6nskar.<\/strong>\u00a0M\u00e5nga g\u00f6r det redan\u00a0d\u00e5 deras barn \u00e4r nyf\u00f6dda.<b><\/b><\/p>\n<p><b>Du kan st\u00e4lla ditt barn i k\u00f6 f\u00f6r start i \u00e5rskurs 4.\u00a0<\/b>Lediga platser i \u00e5rskurs 5, 6, 7, 8 eller 9 erbjuds i m\u00e5n av tillg\u00e5ng. Till \u00e5rskurs 7, och i m\u00e5n av plats \u00e5rskurs 8 och 9,\u00a0 kan du \u00e4ven ans\u00f6ka till v\u00e5r spetsutbildning.<b><\/b><\/p>\n<p><strong>H\u00e4r hittar du ans\u00f6kningshandlingarna f\u00f6r en plats p\u00e5 Europaskolan Rogge:<\/strong><br \/>\n<a href=\"https:\/\/sms3.schoolsoft.se\/es\/jsp\/public\/right_public_studentqueue.jsp?school=rogge\" rel=\"noopener noreferrer\">Anm\u00e4lningsformul\u00e4r Europaskolan Rogge<\/a> &gt;<br \/>\n<a href=\"http:\/\/staging.europaskolan.se\/rogge\/wp-content\/uploads\/sites\/3\/2024\/01\/ESR_Antagningsregler.pdf\">Antagningsregler f\u00f6r Europaskolan Rogge &gt; <\/a><\/p>\n<p>Vill du veta mer?\u00a0V\u00e4lkommen att kontakta o<span style=\"color: #e84491;\"><span style=\"color: #333333;\">ss!<\/span><br \/>\n<\/span><\/p>\n<hr \/>\n<h3>Reception<\/h3>\n<p><strong>Telefon:<\/strong>\u00a00152-33 35 00<br \/>\n<strong>E-post:\u00a0<\/strong><a href=\"mailto:info.rogge@europaskolan.se\">info.rogge@europaskolan.se<\/a><\/p>\n<hr \/>\n<h3>Rektor<\/h3>\n<p><strong>Christoffer Bergfors<\/strong><\/p>\n<p>Arbetsrum i A-huset.<br \/>\n<strong>Telefon:<\/strong>\u00a00152-33 35 02<br \/>\n<strong>E-post:<\/strong>\u00a0<a href=\"mailto:christoffer.bergfors@europaskolan.se\">christoffer.bergfors@europaskolan.se<\/a><\/p>\n<p><em>Varmt v\u00e4lkommen med din ans\u00f6kan!<\/em><\/p>\n","protected":false},"excerpt":{"rendered":"<p>M\u00e5nga vill studera p\u00e5 Europaskolan Rogge\u00a0\u2013 det \u00e4r vi mycket glada f\u00f6r!\u00a0Det stora intresset betyder ocks\u00e5 att det \u00e4r k\u00f6 till skolans platser. Skolans urvalskriterier vid m\u00e5nga s\u00f6kande Om det \u00e4r fler s\u00f6kande \u00e4n vad det finns platser p\u00e5 skolan tas eleverna emot enligt k\u00f6datum. Det inneb\u00e4r att barnen tas emot utifr\u00e5n vem som har [&hellip;]<\/p>\n","protected":false},"author":2,"featured_media":0,"parent":0,"menu_order":6,"comment_status":"closed","ping_status":"closed","template":"","meta":{"footnotes":""},"blocksy_meta":[],"rttpg_featured_image_url":null,"rttpg_author":{"display_name":"camilla","author_link":"https:\/\/staging.europaskolan.se\/rogge\/author\/camilla\/"},"rttpg_comment":0,"rttpg_category":null,"rttpg_excerpt":"M\u00e5nga vill studera p\u00e5 Europaskolan Rogge\u00a0\u2013 det \u00e4r vi mycket glada f\u00f6r!\u00a0Det stora intresset betyder ocks\u00e5 att det \u00e4r k\u00f6 till skolans platser. Skolans urvalskriterier vid m\u00e5nga s\u00f6kande Om det \u00e4r fler s\u00f6kande \u00e4n vad det finns platser p\u00e5 skolan tas eleverna emot enligt k\u00f6datum. Det inneb\u00e4r att barnen tas emot utifr\u00e5n vem som har&hellip;","_links":{"self":[{"href":"https:\/\/staging.europaskolan.se\/rogge\/wp-json\/wp\/v2\/pages\/572"}],"collection":[{"href":"https:\/\/staging.europaskolan.se\/rogge\/wp-json\/wp\/v2\/pages"}],"about":[{"href":"https:\/\/staging.europaskolan.se\/rogge\/wp-json\/wp\/v2\/types\/page"}],"author":[{"embeddable":true,"href":"https:\/\/staging.europaskolan.se\/rogge\/wp-json\/wp\/v2\/users\/2"}],"replies":[{"embeddable":true,"href":"https:\/\/staging.europaskolan.se\/rogge\/wp-json\/wp\/v2\/comments?post=572"}],"version-history":[{"count":21,"href":"https:\/\/staging.europaskolan.se\/rogge\/wp-json\/wp\/v2\/pages\/572\/revisions"}],"predecessor-version":[{"id":11114,"href":"https:\/\/staging.europaskolan.se\/rogge\/wp-json\/wp\/v2\/pages\/572\/revisions\/11114"}],"wp:attachment":[{"href":"https:\/\/staging.europaskolan.se\/rogge\/wp-json\/wp\/v2\/media?parent=572"}],"curies":[{"name":"wp","href":"https:\/\/api.w.org\/{rel}","templated":true}]}}